{"id":92,"date":"2016-04-05T15:41:14","date_gmt":"2016-04-05T15:41:14","guid":{"rendered":"http:\/\/localhost\/wordpress\/pixgraphy\/?page_id=92"},"modified":"2020-09-30T18:34:06","modified_gmt":"2020-09-30T18:34:06","slug":"hizmetlerimiz","status":"publish","type":"page","link":"http:\/\/www.lavidanismanlik.com.tr\/?page_id=92","title":{"rendered":"Neler Yap\u0131yoruz?"},"content":{"rendered":"\t\t<div class=\"bdp-list-main bdp-design-1 bdp-clearfix\">\r\n\t\t\t<div class=\"bdp-post-list bdp-clearfix\">\r\n\t<div class=\"bdp-post-list-content\">\r\n\t\t\t\t<div class=\"bdp-medium-6 bdp-columns\">\r\n\t\t\t<div class=\"bdp-post-image-bg\">\r\n\t\t\t\t<a href=\"http:\/\/www.lavidanismanlik.com.tr\/?p=85\">\r\n\t\t\t\t\t<img src=\"http:\/\/www.lavidanismanlik.com.tr\/wp-content\/uploads\/2020\/04\/C3878C7A-A8A7-4635-AB22-64C60C83706E.jpg\" alt=\"Kurumsal Dan\u0131\u015fmanl\u0131k\" \/>\r\n\t\t\t\t<\/a>\r\n\t\t\t<\/div>\r\n\t\t<\/div>\r\n\t\t\t\t<div class=\"bdp-medium-6 bdp-columns\">\r\n\t\t\t\r\n\t\t\t<h2 class=\"bdp-post-title\">\r\n\t\t\t\t<a href=\"http:\/\/www.lavidanismanlik.com.tr\/?p=85\">Kurumsal Dan\u0131\u015fmanl\u0131k<\/a>\r\n\t\t\t<\/h2>\r\n\t\t\t\t\r\n\t\t\t\t\t\t<div class=\"bdp-post-meta-innr bdp-post-meta\">\r\n\t\t\t\t\t\t\t<\/div>\r\n\t\t\t\t\t\t<div class=\"bdp-post-content\">\r\n\t\t\t\t<div class=\"bdp-post-short-content\">\u00c7al\u0131\u015fan memnuniyetinin, kurumlar\u0131n ilerlemesinde ve geli\u015fmesinde etkili oldu\u011fu bilinmektedir. Sanatla terapi tekniklerini kullanarak yapt\u0131\u011f\u0131m\u0131z uygulamalar, bir taraftan kat\u0131l\u0131mc\u0131lar\u0131n kendileriyle ilgili...<\/div>\r\n\t\t\t\t\t\t\t<\/div>\r\n\t\t\t\t\t\t<div class=\"bdp-post-tags\"> <a href=\"http:\/\/www.lavidanismanlik.com.tr\/?tag=danismanlik\" rel=\"tag\">Dan\u0131\u015fmanl\u0131k<\/a>, <a href=\"http:\/\/www.lavidanismanlik.com.tr\/?tag=egitim\" rel=\"tag\">E\u011fitim<\/a>, <a href=\"http:\/\/www.lavidanismanlik.com.tr\/?tag=sanat\" rel=\"tag\">Sanat<\/a>, <a href=\"http:\/\/www.lavidanismanlik.com.tr\/?tag=terapi\" rel=\"tag\">Terapi<\/a><\/div>\r\n\t\t\t\t\t<\/div>\r\n\t<\/div>\r\n<\/div><div class=\"bdp-post-list bdp-clearfix\">\r\n\t<div class=\"bdp-post-list-content\">\r\n\t\t\t\t<div class=\"bdp-medium-6 bdp-columns\">\r\n\t\t\t<div class=\"bdp-post-image-bg\">\r\n\t\t\t\t<a href=\"http:\/\/www.lavidanismanlik.com.tr\/?p=435\">\r\n\t\t\t\t\t<img src=\"http:\/\/www.lavidanismanlik.com.tr\/wp-content\/uploads\/2020\/03\/88FCF90E-0F7E-491D-A056-2D517A3626F7.jpg\" alt=\"Bireysel Dan\u0131\u015fmanl\u0131k\" \/>\r\n\t\t\t\t<\/a>\r\n\t\t\t<\/div>\r\n\t\t<\/div>\r\n\t\t\t\t<div class=\"bdp-medium-6 bdp-columns\">\r\n\t\t\t\r\n\t\t\t<h2 class=\"bdp-post-title\">\r\n\t\t\t\t<a href=\"http:\/\/www.lavidanismanlik.com.tr\/?p=435\">Bireysel Dan\u0131\u015fmanl\u0131k<\/a>\r\n\t\t\t<\/h2>\r\n\t\t\t\t\r\n\t\t\t\t\t\t<div class=\"bdp-post-meta-innr bdp-post-meta\">\r\n\t\t\t\t\t\t\t<\/div>\r\n\t\t\t\t\t\t<div class=\"bdp-post-content\">\r\n\t\t\t\t<div class=\"bdp-post-short-content\">Bireysel dan\u0131\u015fmanl\u0131kta herkesin ihtiyac\u0131 farkl\u0131 olmakla birlikte genel olarak sanatla terapi teknikleriyle duygular\u0131n\u0131z\u0131 tan\u0131man\u0131z, se\u00e7imlerinize dair fark\u0131ndal\u0131k geli\u015ftirmeniz, kendinizi daha...<\/div>\r\n\t\t\t\t\t\t\t<\/div>\r\n\t\t\t\t\t<\/div>\r\n\t<\/div>\r\n<\/div><div class=\"bdp-post-list bdp-clearfix\">\r\n\t<div class=\"bdp-post-list-content\">\r\n\t\t\t\t<div class=\"bdp-medium-6 bdp-columns\">\r\n\t\t\t<div class=\"bdp-post-image-bg\">\r\n\t\t\t\t<a href=\"http:\/\/www.lavidanismanlik.com.tr\/?p=600\">\r\n\t\t\t\t\t<img src=\"http:\/\/www.lavidanismanlik.com.tr\/wp-content\/uploads\/2020\/03\/2A229A46-D915-4F8D-881E-E11E67F3481A.jpg\" alt=\"At\u00f6lyeler\" \/>\r\n\t\t\t\t<\/a>\r\n\t\t\t<\/div>\r\n\t\t<\/div>\r\n\t\t\t\t<div class=\"bdp-medium-6 bdp-columns\">\r\n\t\t\t\r\n\t\t\t<h2 class=\"bdp-post-title\">\r\n\t\t\t\t<a href=\"http:\/\/www.lavidanismanlik.com.tr\/?p=600\">At\u00f6lyeler<\/a>\r\n\t\t\t<\/h2>\r\n\t\t\t\t\r\n\t\t\t\t\t\t<div class=\"bdp-post-meta-innr bdp-post-meta\">\r\n\t\t\t\t\t\t\t<\/div>\r\n\t\t\t\t\t\t<div class=\"bdp-post-content\">\r\n\t\t\t\t<div class=\"bdp-post-short-content\">Sanatla Fark\u0131ndal\u0131k At\u00f6lyesi \u00a0At\u00f6lyenin Amac\u0131: Bu at\u00f6lyede; sanatla terapi teknikleriyle duygular\u0131n\u0131z\u0131 ve se\u00e7imlerinizi tan\u0131yarak kendinize dair fark\u0131ndal\u0131\u011f\u0131n\u0131z\u0131 artt\u0131rman\u0131z ama\u00e7lanmaktad\u0131r. Estetik...<\/div>\r\n\t\t\t\t\t\t\t<\/div>\r\n\t\t\t\t\t<\/div>\r\n\t<\/div>\r\n<\/div><div class=\"bdp-post-list bdp-clearfix\">\r\n\t<div class=\"bdp-post-list-content\">\r\n\t\t\t\t<div class=\"bdp-medium-6 bdp-columns\">\r\n\t\t\t<div class=\"bdp-post-image-bg\">\r\n\t\t\t\t<a href=\"http:\/\/www.lavidanismanlik.com.tr\/?p=564\">\r\n\t\t\t\t\t<img src=\"http:\/\/www.lavidanismanlik.com.tr\/wp-content\/uploads\/2020\/01\/E0090F6D-D79C-4FCD-8F9E-A6888A0FFB21.jpg\" alt=\"E\u011fitimler\" \/>\r\n\t\t\t\t<\/a>\r\n\t\t\t<\/div>\r\n\t\t<\/div>\r\n\t\t\t\t<div class=\"bdp-medium-6 bdp-columns\">\r\n\t\t\t\r\n\t\t\t<h2 class=\"bdp-post-title\">\r\n\t\t\t\t<a href=\"http:\/\/www.lavidanismanlik.com.tr\/?p=564\">E\u011fitimler<\/a>\r\n\t\t\t<\/h2>\r\n\t\t\t\t\r\n\t\t\t\t\t\t<div class=\"bdp-post-meta-innr bdp-post-meta\">\r\n\t\t\t\t\t\t\t<\/div>\r\n\t\t\t\t\t\t<div class=\"bdp-post-content\">\r\n\t\t\t\t<div class=\"bdp-post-short-content\">Ruh Sa\u011fl\u0131\u011f\u0131 Alan\u0131nda \u00c7al\u0131\u015fan Profesyonellere Y\u00f6nelik D\u00fczenledi\u011fimiz E\u011fitimler Sanatla Terapi Tan\u0131\u015fma At\u00f6lyesi At\u00f6lyenin Amac\u0131 Bu at\u00f6lyenin amac\u0131; kat\u0131l\u0131mc\u0131lar\u0131n sanatla terapinin...<\/div>\r\n\t\t\t\t\t\t\t<\/div>\r\n\t\t\t\t\t<\/div>\r\n\t<\/div>\r\n<\/div>\t\t<\/div>\t\t\r\n\t\t\n\n\n\n<p><\/p>\n","protected":false},"excerpt":{"rendered":"","protected":false},"author":1,"featured_media":0,"parent":0,"menu_order":0,"comment_status":"closed","ping_status":"closed","template":"","meta":{"_vp_format_video_url":"","_vp_image_focal_point":[]},"_links":{"self":[{"href":"http:\/\/www.lavidanismanlik.com.tr\/index.php?rest_route=\/wp\/v2\/pages\/92"}],"collection":[{"href":"http:\/\/www.lavidanismanlik.com.tr\/index.php?rest_route=\/wp\/v2\/pages"}],"about":[{"href":"http:\/\/www.lavidanismanlik.com.tr\/index.php?rest_route=\/wp\/v2\/types\/page"}],"author":[{"embeddable":true,"href":"http:\/\/www.lavidanismanlik.com.tr\/index.php?rest_route=\/wp\/v2\/users\/1"}],"replies":[{"embeddable":true,"href":"http:\/\/www.lavidanismanlik.com.tr\/index.php?rest_route=%2Fwp%2Fv2%2Fcomments&post=92"}],"version-history":[{"count":9,"href":"http:\/\/www.lavidanismanlik.com.tr\/index.php?rest_route=\/wp\/v2\/pages\/92\/revisions"}],"predecessor-version":[{"id":1163,"href":"http:\/\/www.lavidanismanlik.com.tr\/index.php?rest_route=\/wp\/v2\/pages\/92\/revisions\/1163"}],"wp:attachment":[{"href":"http:\/\/www.lavidanismanlik.com.tr\/index.php?rest_route=%2Fwp%2Fv2%2Fmedia&parent=92"}],"curies":[{"name":"wp","href":"https:\/\/api.w.org\/{rel}","templated":true}]}}