{"id":673,"date":"2020-09-17T16:25:03","date_gmt":"2020-09-17T16:25:03","guid":{"rendered":"http:\/\/www.lavidanismanlik.com.tr\/?page_id=673"},"modified":"2020-10-03T14:29:41","modified_gmt":"2020-10-03T11:29:41","slug":"etkinliklerimiz","status":"publish","type":"page","link":"http:\/\/www.lavidanismanlik.com.tr\/?page_id=673","title":{"rendered":"Etkinliklerimiz"},"content":{"rendered":"\t\t<div class=\"bdpgridbox-main bdp-design-1 bdp-clearfix\">\r\n\t\t\t<div class=\"bdp-gridbox-inner bdp-clearfix\">\r\n\t\t\t\t\t<div class=\"bdp-medium-6 bdp-columns bdp-left-block\">\r\n\t\t\t\t\t<div class=\"bdp-post-image-bg\">\r\n\t\t\t\t<a href=\"http:\/\/www.lavidanismanlik.com.tr\/?p=2260\">\r\n\t\t\t\t\t<img src=\"http:\/\/www.lavidanismanlik.com.tr\/wp-content\/uploads\/2024\/09\/B687BF11-4E7B-4823-BC0E-FC288E69D6C8-768x1024.jpeg\" alt=\"Urla Dam Ressamlar\u0131 Tan\u0131yal\u0131m \u00c7ocuk Sanat At\u00f6lyesi\" \/>\r\n\t\t\t\t<\/a>\r\n\t\t\t<\/div>\r\n\t\t\t\t<div class=\"bdp-post-categories\">\r\n\t\t\t<a href=\"http:\/\/www.lavidanismanlik.com.tr\/?cat=28\">Etkinlikler<\/a>\t\t<\/div>\r\n\t\t\r\n\t\t<h2 class=\"bdp-post-title\">\r\n\t\t\t<a href=\"http:\/\/www.lavidanismanlik.com.tr\/?p=2260\">Urla Dam Ressamlar\u0131 Tan\u0131yal\u0131m \u00c7ocuk Sanat At\u00f6lyesi<\/a>\r\n\t\t<\/h2>\r\n\r\n\t\t\t\t\t<div class=\"bdp-post-meta\">\r\n\t\t\t\t\t\t\t\t<span class=\"bdp-post-meta-innr bdp-time\">27 Eyl\u00fcl 2024<\/span>\r\n\t\t\t\t\t\t\t<\/div>\r\n\t\t\t\t<div class=\"bdp-post-content\">\r\n\t\t\t<div class=\"bdp-post-short-content\">\u00c7ocuklar\u0131n resim sanat\u0131na ve ressamlara y\u00f6nelik alg\u0131s\u0131nda olumlu bir de\u011fi\u015fim olu\u015fturmak ve kendi yarat\u0131c\u0131l\u0131k potansiyelini fark etmesine yard\u0131mc\u0131 olmak amac\u0131yla Urla Dam\u2019da 6 A\u011fustos ve 13 A\u011fustos tarihlerinde iki at\u00f6lye d\u00fczenledik. Ressamlar\u0131 Tan\u0131yal\u0131m \u00c7ocuk Sanat At\u00f6lyesinde ilk hafta Hollandal\u0131 Post-Empresyonist ressam Vincent Van Gogh ve Y\u0131ld\u0131zl\u0131 Gece tablosu, ikinci hafta...<\/div>\r\n\t\t\t\t\t<\/div>\r\n\t\t\t\t\t<div class=\"bdp-post-tags\"> <a href=\"http:\/\/www.lavidanismanlik.com.tr\/?tag=cocuk\" rel=\"tag\">\u00c7ocuk<\/a>, <a href=\"http:\/\/www.lavidanismanlik.com.tr\/?tag=sanat\" rel=\"tag\">Sanat<\/a><\/div>\r\n\t\t\t<\/div>\r\n\t<div class=\"bdp-medium-6 bdp-columns bdp-inline-grid\">\r\n\t\t<div class=\"bdp-post-right-block bdp-medium-12 bdp-columns\">\r\n\t\t\t\t\t\t<div class=\"bdp-s-medium-3 bdp-columns\">\r\n\t\t\t\t<div class=\"bdp-post-image-bg\">\r\n\t\t\t\t\t<a href=\"http:\/\/www.lavidanismanlik.com.tr\/?p=2255\">\r\n\t\t\t\t\t\t<img src=\"http:\/\/www.lavidanismanlik.com.tr\/wp-content\/uploads\/2024\/09\/32661544-EC77-4754-A273-E58CDE54E557-150x150.jpeg\" alt=\"Kad\u0131k\u00f6y Belediyesi Ekolojik Ya\u015fam Merkezi \u00c7evre Fark\u0131ndal\u0131\u011f\u0131 At\u00f6lyesi\" \/>\r\n\t\t\t\t\t<\/a>\r\n\t\t\t\t<\/div>\r\n\t\t\t<\/div>\r\n\t\t\t\t\t\t<div class=\"bdp-s-medium-9 bdp-columns\">\r\n\t\t\t\t\t\t\t\t<div class=\"bdp-post-categories\">\r\n\t\t\t\t\t<a href=\"http:\/\/www.lavidanismanlik.com.tr\/?cat=28\">Etkinlikler<\/a>\t\t\t\t<\/div>\r\n\t\t\t\t\r\n\t\t\t\t<h4 class=\"bdp-post-title\">\r\n\t\t\t\t\t<a href=\"http:\/\/www.lavidanismanlik.com.tr\/?p=2255\">Kad\u0131k\u00f6y Belediyesi Ekolojik Ya\u015fam Merkezi \u00c7evre Fark\u0131ndal\u0131\u011f\u0131 At\u00f6lyesi<\/a>\r\n\t\t\t\t<\/h4>\r\n\r\n\t\t\t\t\t\t\t\t<div class=\"bdp-post-meta\">\r\n\t\t\t\t\t\t\t\t\t\t<span class=\"bdp-post-meta-innr bdp-time\">27 Eyl\u00fcl 2024<\/span>\r\n\t\t\t\t\t\t\t\t\t<\/div>\r\n\t\t\t\t\t\t\t\t<div class=\"bdp-post-tags\"> <a href=\"http:\/\/www.lavidanismanlik.com.tr\/?tag=cocuk\" rel=\"tag\">\u00c7ocuk<\/a>, <a href=\"http:\/\/www.lavidanismanlik.com.tr\/?tag=sanat\" rel=\"tag\">Sanat<\/a><\/div>\r\n\t\t\t\t\t\t\t<\/div>\r\n\t\t<\/div>\r\n\t<\/div>\r\n\t<div class=\"bdp-medium-6 bdp-columns bdp-inline-grid\">\r\n\t\t<div class=\"bdp-post-right-block bdp-medium-12 bdp-columns\">\r\n\t\t\t\t\t\t<div class=\"bdp-s-medium-3 bdp-columns\">\r\n\t\t\t\t<div class=\"bdp-post-image-bg\">\r\n\t\t\t\t\t<a href=\"http:\/\/www.lavidanismanlik.com.tr\/?p=2252\">\r\n\t\t\t\t\t\t<img src=\"http:\/\/www.lavidanismanlik.com.tr\/wp-content\/uploads\/2024\/09\/ae6ad5d1-a41a-42e6-9c32-67e027377426-150x150.jpg\" alt=\"Geleneksel Sokak Oyunlar\u0131\" \/>\r\n\t\t\t\t\t<\/a>\r\n\t\t\t\t<\/div>\r\n\t\t\t<\/div>\r\n\t\t\t\t\t\t<div class=\"bdp-s-medium-9 bdp-columns\">\r\n\t\t\t\t\t\t\t\t<div class=\"bdp-post-categories\">\r\n\t\t\t\t\t<a href=\"http:\/\/www.lavidanismanlik.com.tr\/?cat=28\">Etkinlikler<\/a>\t\t\t\t<\/div>\r\n\t\t\t\t\r\n\t\t\t\t<h4 class=\"bdp-post-title\">\r\n\t\t\t\t\t<a href=\"http:\/\/www.lavidanismanlik.com.tr\/?p=2252\">Geleneksel Sokak Oyunlar\u0131<\/a>\r\n\t\t\t\t<\/h4>\r\n\r\n\t\t\t\t\t\t\t\t<div class=\"bdp-post-meta\">\r\n\t\t\t\t\t\t\t\t\t\t<span class=\"bdp-post-meta-innr bdp-time\">27 Eyl\u00fcl 2024<\/span>\r\n\t\t\t\t\t\t\t\t\t<\/div>\r\n\t\t\t\t\t\t\t\t<div class=\"bdp-post-tags\"> <a href=\"http:\/\/www.lavidanismanlik.com.tr\/?tag=cocuk\" rel=\"tag\">\u00c7ocuk<\/a>, <a href=\"http:\/\/www.lavidanismanlik.com.tr\/?tag=sanat\" rel=\"tag\">Sanat<\/a><\/div>\r\n\t\t\t\t\t\t\t<\/div>\r\n\t\t<\/div>\r\n\t<\/div>\r\n\t<div class=\"bdp-medium-6 bdp-columns bdp-inline-grid\">\r\n\t\t<div class=\"bdp-post-right-block bdp-medium-12 bdp-columns\">\r\n\t\t\t\t\t\t<div class=\"bdp-s-medium-3 bdp-columns\">\r\n\t\t\t\t<div class=\"bdp-post-image-bg\">\r\n\t\t\t\t\t<a href=\"http:\/\/www.lavidanismanlik.com.tr\/?p=2248\">\r\n\t\t\t\t\t\t<img src=\"http:\/\/www.lavidanismanlik.com.tr\/wp-content\/uploads\/2024\/09\/20359723-0421-4770-91E3-AF23B8EF7AAF-150x150.jpeg\" alt=\"\u00c7ocuklar \u0130\u00e7in Yarat\u0131c\u0131 Sanat At\u00f6lyesi Pablo Picasso ve A\u011flayan Kad\u0131n\" \/>\r\n\t\t\t\t\t<\/a>\r\n\t\t\t\t<\/div>\r\n\t\t\t<\/div>\r\n\t\t\t\t\t\t<div class=\"bdp-s-medium-9 bdp-columns\">\r\n\t\t\t\t\t\t\t\t<div class=\"bdp-post-categories\">\r\n\t\t\t\t\t<a href=\"http:\/\/www.lavidanismanlik.com.tr\/?cat=28\">Etkinlikler<\/a>\t\t\t\t<\/div>\r\n\t\t\t\t\r\n\t\t\t\t<h4 class=\"bdp-post-title\">\r\n\t\t\t\t\t<a href=\"http:\/\/www.lavidanismanlik.com.tr\/?p=2248\">\u00c7ocuklar \u0130\u00e7in Yarat\u0131c\u0131 Sanat At\u00f6lyesi Pablo Picasso ve A\u011flayan Kad\u0131n<\/a>\r\n\t\t\t\t<\/h4>\r\n\r\n\t\t\t\t\t\t\t\t<div class=\"bdp-post-meta\">\r\n\t\t\t\t\t\t\t\t\t\t<span class=\"bdp-post-meta-innr bdp-time\">27 Eyl\u00fcl 2024<\/span>\r\n\t\t\t\t\t\t\t\t\t<\/div>\r\n\t\t\t\t\t\t\t\t<div class=\"bdp-post-tags\"> <a href=\"http:\/\/www.lavidanismanlik.com.tr\/?tag=cocuk\" rel=\"tag\">\u00c7ocuk<\/a>, <a href=\"http:\/\/www.lavidanismanlik.com.tr\/?tag=sanat\" rel=\"tag\">Sanat<\/a><\/div>\r\n\t\t\t\t\t\t\t<\/div>\r\n\t\t<\/div>\r\n\t<\/div>\r\n\t<div class=\"bdp-medium-6 bdp-columns bdp-inline-grid\">\r\n\t\t<div class=\"bdp-post-right-block bdp-medium-12 bdp-columns\">\r\n\t\t\t\t\t\t<div class=\"bdp-s-medium-3 bdp-columns\">\r\n\t\t\t\t<div class=\"bdp-post-image-bg\">\r\n\t\t\t\t\t<a href=\"http:\/\/www.lavidanismanlik.com.tr\/?p=2244\">\r\n\t\t\t\t\t\t<img src=\"http:\/\/www.lavidanismanlik.com.tr\/wp-content\/uploads\/2024\/09\/93b2e30b-96fa-454e-8b29-e4647299f77d-150x150.jpg\" alt=\"\u00c7ocuklar \u0130\u00e7in Yarat\u0131c\u0131 Sanat At\u00f6lyesi Vincent Van Gogh ve Y\u0131ld\u0131zl\u0131 Gece\" \/>\r\n\t\t\t\t\t<\/a>\r\n\t\t\t\t<\/div>\r\n\t\t\t<\/div>\r\n\t\t\t\t\t\t<div class=\"bdp-s-medium-9 bdp-columns\">\r\n\t\t\t\t\t\t\t\t<div class=\"bdp-post-categories\">\r\n\t\t\t\t\t<a href=\"http:\/\/www.lavidanismanlik.com.tr\/?cat=28\">Etkinlikler<\/a>\t\t\t\t<\/div>\r\n\t\t\t\t\r\n\t\t\t\t<h4 class=\"bdp-post-title\">\r\n\t\t\t\t\t<a href=\"http:\/\/www.lavidanismanlik.com.tr\/?p=2244\">\u00c7ocuklar \u0130\u00e7in Yarat\u0131c\u0131 Sanat At\u00f6lyesi Vincent Van Gogh ve Y\u0131ld\u0131zl\u0131 Gece<\/a>\r\n\t\t\t\t<\/h4>\r\n\r\n\t\t\t\t\t\t\t\t<div class=\"bdp-post-meta\">\r\n\t\t\t\t\t\t\t\t\t\t<span class=\"bdp-post-meta-innr bdp-time\">27 Eyl\u00fcl 2024<\/span>\r\n\t\t\t\t\t\t\t\t\t<\/div>\r\n\t\t\t\t\t\t\t\t<div class=\"bdp-post-tags\"> <a href=\"http:\/\/www.lavidanismanlik.com.tr\/?tag=cocuk\" rel=\"tag\">\u00c7ocuk<\/a>, <a href=\"http:\/\/www.lavidanismanlik.com.tr\/?tag=sanat\" rel=\"tag\">Sanat<\/a><\/div>\r\n\t\t\t\t\t\t\t<\/div>\r\n\t\t<\/div>\r\n\t<\/div>\r\n\t<div class=\"bdp-medium-6 bdp-columns bdp-inline-grid\">\r\n\t\t<div class=\"bdp-post-right-block bdp-medium-12 bdp-columns\">\r\n\t\t\t\t\t\t<div class=\"bdp-s-medium-3 bdp-columns\">\r\n\t\t\t\t<div class=\"bdp-post-image-bg\">\r\n\t\t\t\t\t<a href=\"http:\/\/www.lavidanismanlik.com.tr\/?p=2239\">\r\n\t\t\t\t\t\t<img src=\"http:\/\/www.lavidanismanlik.com.tr\/wp-content\/uploads\/2024\/09\/D2731DE8-8A41-49E6-AE2C-96D73A830E2C-150x150.jpeg\" alt=\"Geleneksel \u00c7ocuk Oyunlar\u0131 At\u00f6lyesi\" \/>\r\n\t\t\t\t\t<\/a>\r\n\t\t\t\t<\/div>\r\n\t\t\t<\/div>\r\n\t\t\t\t\t\t<div class=\"bdp-s-medium-9 bdp-columns\">\r\n\t\t\t\t\t\t\t\t<div class=\"bdp-post-categories\">\r\n\t\t\t\t\t<a href=\"http:\/\/www.lavidanismanlik.com.tr\/?cat=28\">Etkinlikler<\/a>\t\t\t\t<\/div>\r\n\t\t\t\t\r\n\t\t\t\t<h4 class=\"bdp-post-title\">\r\n\t\t\t\t\t<a href=\"http:\/\/www.lavidanismanlik.com.tr\/?p=2239\">Geleneksel \u00c7ocuk Oyunlar\u0131 At\u00f6lyesi<\/a>\r\n\t\t\t\t<\/h4>\r\n\r\n\t\t\t\t\t\t\t\t<div class=\"bdp-post-meta\">\r\n\t\t\t\t\t\t\t\t\t\t<span class=\"bdp-post-meta-innr bdp-time\">27 Eyl\u00fcl 2024<\/span>\r\n\t\t\t\t\t\t\t\t\t<\/div>\r\n\t\t\t\t\t\t\t\t<div class=\"bdp-post-tags\"> <a href=\"http:\/\/www.lavidanismanlik.com.tr\/?tag=cocuk\" rel=\"tag\">\u00c7ocuk<\/a>, <a href=\"http:\/\/www.lavidanismanlik.com.tr\/?tag=oyun\" rel=\"tag\">Oyun<\/a><\/div>\r\n\t\t\t\t\t\t\t<\/div>\r\n\t\t<\/div>\r\n\t<\/div>\r\n\t<div class=\"bdp-medium-6 bdp-columns bdp-inline-grid\">\r\n\t\t<div class=\"bdp-post-right-block bdp-medium-12 bdp-columns\">\r\n\t\t\t\t\t\t<div class=\"bdp-s-medium-3 bdp-columns\">\r\n\t\t\t\t<div class=\"bdp-post-image-bg\">\r\n\t\t\t\t\t<a href=\"http:\/\/www.lavidanismanlik.com.tr\/?p=2235\">\r\n\t\t\t\t\t\t<img src=\"http:\/\/www.lavidanismanlik.com.tr\/wp-content\/uploads\/2024\/09\/a67acb5a-03ec-4718-b506-448b70fdbfa2-150x150.jpeg\" alt=\"\u00c7ocuklar \u0130\u00e7in Yarat\u0131c\u0131 Sanat At\u00f6lyesi Pablo Picasso ve A\u011flayan Kad\u0131n Tablosu\" \/>\r\n\t\t\t\t\t<\/a>\r\n\t\t\t\t<\/div>\r\n\t\t\t<\/div>\r\n\t\t\t\t\t\t<div class=\"bdp-s-medium-9 bdp-columns\">\r\n\t\t\t\t\t\t\t\t<div class=\"bdp-post-categories\">\r\n\t\t\t\t\t<a href=\"http:\/\/www.lavidanismanlik.com.tr\/?cat=28\">Etkinlikler<\/a>\t\t\t\t<\/div>\r\n\t\t\t\t\r\n\t\t\t\t<h4 class=\"bdp-post-title\">\r\n\t\t\t\t\t<a href=\"http:\/\/www.lavidanismanlik.com.tr\/?p=2235\">\u00c7ocuklar \u0130\u00e7in Yarat\u0131c\u0131 Sanat At\u00f6lyesi Pablo Picasso ve A\u011flayan Kad\u0131n Tablosu<\/a>\r\n\t\t\t\t<\/h4>\r\n\r\n\t\t\t\t\t\t\t\t<div class=\"bdp-post-meta\">\r\n\t\t\t\t\t\t\t\t\t\t<span class=\"bdp-post-meta-innr bdp-time\">27 Eyl\u00fcl 2024<\/span>\r\n\t\t\t\t\t\t\t\t\t<\/div>\r\n\t\t\t\t\t\t\t\t<div class=\"bdp-post-tags\"> <a href=\"http:\/\/www.lavidanismanlik.com.tr\/?tag=cocuk\" rel=\"tag\">\u00c7ocuk<\/a>, <a href=\"http:\/\/www.lavidanismanlik.com.tr\/?tag=cocuklar-icin\" rel=\"tag\">\u00c7ocuklar \u0130\u00e7in<\/a>, <a href=\"http:\/\/www.lavidanismanlik.com.tr\/?tag=sanat\" rel=\"tag\">Sanat<\/a><\/div>\r\n\t\t\t\t\t\t\t<\/div>\r\n\t\t<\/div>\r\n\t<\/div>\r\n\t<div class=\"bdp-medium-6 bdp-columns bdp-inline-grid\">\r\n\t\t<div class=\"bdp-post-right-block bdp-medium-12 bdp-columns\">\r\n\t\t\t\t\t\t<div class=\"bdp-s-medium-3 bdp-columns\">\r\n\t\t\t\t<div class=\"bdp-post-image-bg\">\r\n\t\t\t\t\t<a href=\"http:\/\/www.lavidanismanlik.com.tr\/?p=2231\">\r\n\t\t\t\t\t\t<img src=\"http:\/\/www.lavidanismanlik.com.tr\/wp-content\/uploads\/2024\/09\/IMG_2093-150x150.jpeg\" alt=\"Psikolojik Sa\u011flaml\u0131k\" \/>\r\n\t\t\t\t\t<\/a>\r\n\t\t\t\t<\/div>\r\n\t\t\t<\/div>\r\n\t\t\t\t\t\t<div class=\"bdp-s-medium-9 bdp-columns\">\r\n\t\t\t\t\t\t\t\t<div class=\"bdp-post-categories\">\r\n\t\t\t\t\t<a href=\"http:\/\/www.lavidanismanlik.com.tr\/?cat=28\">Etkinlikler<\/a>\t\t\t\t<\/div>\r\n\t\t\t\t\r\n\t\t\t\t<h4 class=\"bdp-post-title\">\r\n\t\t\t\t\t<a href=\"http:\/\/www.lavidanismanlik.com.tr\/?p=2231\">Psikolojik Sa\u011flaml\u0131k<\/a>\r\n\t\t\t\t<\/h4>\r\n\r\n\t\t\t\t\t\t\t\t<div class=\"bdp-post-meta\">\r\n\t\t\t\t\t\t\t\t\t\t<span class=\"bdp-post-meta-innr bdp-time\">27 Eyl\u00fcl 2024<\/span>\r\n\t\t\t\t\t\t\t\t\t<\/div>\r\n\t\t\t\t\t\t\t\t<div class=\"bdp-post-tags\"> <a href=\"http:\/\/www.lavidanismanlik.com.tr\/?tag=farkindalik\" rel=\"tag\">Fark\u0131ndal\u0131k<\/a>, <a href=\"http:\/\/www.lavidanismanlik.com.tr\/?tag=psikolojik-saglamlik\" rel=\"tag\">psikolojik sa\u011flaml\u0131k<\/a>, <a href=\"http:\/\/www.lavidanismanlik.com.tr\/?tag=sanatla-terapi\" rel=\"tag\">Sanatla Terapi<\/a><\/div>\r\n\t\t\t\t\t\t\t<\/div>\r\n\t\t<\/div>\r\n\t<\/div>\r\n\t<div class=\"bdp-medium-6 bdp-columns bdp-inline-grid\">\r\n\t\t<div class=\"bdp-post-right-block bdp-medium-12 bdp-columns\">\r\n\t\t\t\t\t\t<div class=\"bdp-s-medium-3 bdp-columns\">\r\n\t\t\t\t<div class=\"bdp-post-image-bg\">\r\n\t\t\t\t\t<a href=\"http:\/\/www.lavidanismanlik.com.tr\/?p=2225\">\r\n\t\t\t\t\t\t<img src=\"http:\/\/www.lavidanismanlik.com.tr\/wp-content\/uploads\/2023\/12\/IMG_1364.heic\" alt=\"M\u00fcze Gazhane Y\u0131lba\u015f\u0131 At\u00f6lyesi\" \/>\r\n\t\t\t\t\t<\/a>\r\n\t\t\t\t<\/div>\r\n\t\t\t<\/div>\r\n\t\t\t\t\t\t<div class=\"bdp-s-medium-9 bdp-columns\">\r\n\t\t\t\t\t\t\t\t<div class=\"bdp-post-categories\">\r\n\t\t\t\t\t<a href=\"http:\/\/www.lavidanismanlik.com.tr\/?cat=28\">Etkinlikler<\/a>\t\t\t\t<\/div>\r\n\t\t\t\t\r\n\t\t\t\t<h4 class=\"bdp-post-title\">\r\n\t\t\t\t\t<a href=\"http:\/\/www.lavidanismanlik.com.tr\/?p=2225\">M\u00fcze Gazhane Y\u0131lba\u015f\u0131 At\u00f6lyesi<\/a>\r\n\t\t\t\t<\/h4>\r\n\r\n\t\t\t\t\t\t\t\t<div class=\"bdp-post-meta\">\r\n\t\t\t\t\t\t\t\t\t\t<span class=\"bdp-post-meta-innr bdp-time\">13 Aral\u0131k 2023<\/span>\r\n\t\t\t\t\t\t\t\t\t<\/div>\r\n\t\t\t\t\t\t\t\t<div class=\"bdp-post-tags\"> <a href=\"http:\/\/www.lavidanismanlik.com.tr\/?tag=cocuk\" rel=\"tag\">\u00c7ocuk<\/a>, <a href=\"http:\/\/www.lavidanismanlik.com.tr\/?tag=ebeveyn-cocuk\" rel=\"tag\">ebeveyn \u00e7ocuk<\/a>, <a href=\"http:\/\/www.lavidanismanlik.com.tr\/?tag=sanatla-terapi\" rel=\"tag\">Sanatla Terapi<\/a><\/div>\r\n\t\t\t\t\t\t\t<\/div>\r\n\t\t<\/div>\r\n\t<\/div>\r\n\t<div class=\"bdp-medium-6 bdp-columns bdp-inline-grid\">\r\n\t\t<div class=\"bdp-post-right-block bdp-medium-12 bdp-columns\">\r\n\t\t\t\t\t\t<div class=\"bdp-s-medium-3 bdp-columns\">\r\n\t\t\t\t<div class=\"bdp-post-image-bg\">\r\n\t\t\t\t\t<a href=\"http:\/\/www.lavidanismanlik.com.tr\/?p=2222\">\r\n\t\t\t\t\t\t<img src=\"http:\/\/www.lavidanismanlik.com.tr\/wp-content\/uploads\/2023\/12\/6AEDCAAD-A6CB-4F68-A923-0EE58FC7E63B-150x150.jpg\" alt=\"Bilin\u00e7li Teknoloji Kullan\u0131m\u0131\" \/>\r\n\t\t\t\t\t<\/a>\r\n\t\t\t\t<\/div>\r\n\t\t\t<\/div>\r\n\t\t\t\t\t\t<div class=\"bdp-s-medium-9 bdp-columns\">\r\n\t\t\t\t\t\t\t\t<div class=\"bdp-post-categories\">\r\n\t\t\t\t\t<a href=\"http:\/\/www.lavidanismanlik.com.tr\/?cat=28\">Etkinlikler<\/a>\t\t\t\t<\/div>\r\n\t\t\t\t\r\n\t\t\t\t<h4 class=\"bdp-post-title\">\r\n\t\t\t\t\t<a href=\"http:\/\/www.lavidanismanlik.com.tr\/?p=2222\">Bilin\u00e7li Teknoloji Kullan\u0131m\u0131<\/a>\r\n\t\t\t\t<\/h4>\r\n\r\n\t\t\t\t\t\t\t\t<div class=\"bdp-post-meta\">\r\n\t\t\t\t\t\t\t\t\t\t<span class=\"bdp-post-meta-innr bdp-time\">13 Aral\u0131k 2023<\/span>\r\n\t\t\t\t\t\t\t\t\t<\/div>\r\n\t\t\t\t\t\t\t\t<div class=\"bdp-post-tags\"> <a href=\"http:\/\/www.lavidanismanlik.com.tr\/?tag=bagimlilik\" rel=\"tag\">Ba\u011f\u0131ml\u0131l\u0131k<\/a>, <a href=\"http:\/\/www.lavidanismanlik.com.tr\/?tag=teknolojik-bagimliliklar\" rel=\"tag\">Teknolojik Ba\u011f\u0131ml\u0131l\u0131klar<\/a><\/div>\r\n\t\t\t\t\t\t\t<\/div>\r\n\t\t<\/div>\r\n\t<\/div>\r\n\t\t\t<\/div>\r\n\t\t\r\n\t\t\t\t\t\t\t<div class=\"bdp-post-pagination bdp-clearfix\">\r\n\t\t\t\t\t<span aria-current=\"page\" class=\"page-numbers current\">1<\/span>\n<a class=\"page-numbers\" href=\"http:\/\/www.lavidanismanlik.com.tr\/index.php?rest_route=%2Fwp%2Fv2%2Fpages%2F673&#038;paged=2\">2<\/a>\n<a class=\"page-numbers\" href=\"http:\/\/www.lavidanismanlik.com.tr\/index.php?rest_route=%2Fwp%2Fv2%2Fpages%2F673&#038;paged=3\">3<\/a>\n<span class=\"page-numbers dots\">&hellip;<\/span>\n<a class=\"page-numbers\" href=\"http:\/\/www.lavidanismanlik.com.tr\/index.php?rest_route=%2Fwp%2Fv2%2Fpages%2F673&#038;paged=7\">7<\/a>\n<a class=\"next page-numbers\" href=\"http:\/\/www.lavidanismanlik.com.tr\/index.php?rest_route=%2Fwp%2Fv2%2Fpages%2F673&#038;paged=2\">Next &raquo;<\/a>\t\t\t\t<\/div>\r\n\t\t\t\t\t\t<\/div>\r\n\t\t\n","protected":false},"excerpt":{"rendered":"","protected":false},"author":1,"featured_media":0,"parent":0,"menu_order":0,"comment_status":"closed","ping_status":"closed","template":"","meta":{"_vp_format_video_url":"","_vp_image_focal_point":[]},"_links":{"self":[{"href":"http:\/\/www.lavidanismanlik.com.tr\/index.php?rest_route=\/wp\/v2\/pages\/673"}],"collection":[{"href":"http:\/\/www.lavidanismanlik.com.tr\/index.php?rest_route=\/wp\/v2\/pages"}],"about":[{"href":"http:\/\/www.lavidanismanlik.com.tr\/index.php?rest_route=\/wp\/v2\/types\/page"}],"author":[{"embeddable":true,"href":"http:\/\/www.lavidanismanlik.com.tr\/index.php?rest_route=\/wp\/v2\/users\/1"}],"replies":[{"embeddable":true,"href":"http:\/\/www.lavidanismanlik.com.tr\/index.php?rest_route=%2Fwp%2Fv2%2Fcomments&post=673"}],"version-history":[{"count":11,"href":"http:\/\/www.lavidanismanlik.com.tr\/index.php?rest_route=\/wp\/v2\/pages\/673\/revisions"}],"predecessor-version":[{"id":1362,"href":"http:\/\/www.lavidanismanlik.com.tr\/index.php?rest_route=\/wp\/v2\/pages\/673\/revisions\/1362"}],"wp:attachment":[{"href":"http:\/\/www.lavidanismanlik.com.tr\/index.php?rest_route=%2Fwp%2Fv2%2Fmedia&parent=673"}],"curies":[{"name":"wp","href":"https:\/\/api.w.org\/{rel}","templated":true}]}}