{"id":1539,"date":"2020-10-22T12:49:17","date_gmt":"2020-10-22T09:49:17","guid":{"rendered":"http:\/\/www.lavidanismanlik.com.tr\/?page_id=1539"},"modified":"2020-10-22T12:55:27","modified_gmt":"2020-10-22T09:55:27","slug":"cocuk-kitap","status":"publish","type":"page","link":"http:\/\/www.lavidanismanlik.com.tr\/?page_id=1539","title":{"rendered":"\u00c7ocuk Kitap"},"content":{"rendered":"\t\t<div class=\"bdp-list-main bdp-design-1 bdp-clearfix\">\r\n\t\t\t<div class=\"bdp-post-list bdp-clearfix\">\r\n\t<div class=\"bdp-post-list-content\">\r\n\t\t\t\t<div class=\"bdp-medium-6 bdp-columns\">\r\n\t\t\t<div class=\"bdp-post-image-bg\">\r\n\t\t\t\t<a href=\"http:\/\/www.lavidanismanlik.com.tr\/?p=2133\">\r\n\t\t\t\t\t<img src=\"http:\/\/www.lavidanismanlik.com.tr\/wp-content\/uploads\/2023\/01\/2190150B-075E-44CD-A0CA-6A349E09E4BE-1024x1024.jpg\" alt=\"Zor Bir G\u00fcn Ge\u00e7irmi\u015f Minikler \u0130\u00e7in \u00dc\u00e7 Kitap \u00d6nerisi\" \/>\r\n\t\t\t\t<\/a>\r\n\t\t\t<\/div>\r\n\t\t<\/div>\r\n\t\t\t\t<div class=\"bdp-medium-6 bdp-columns\">\r\n\t\t\t\t\t\t<div class=\"bdp-post-categories\">\r\n\t\t\t\t<a href=\"http:\/\/www.lavidanismanlik.com.tr\/?cat=27\">Blog<\/a> <a href=\"http:\/\/www.lavidanismanlik.com.tr\/?cat=63\">\u00c7ocuk Kitap<\/a>\t\t\t<\/div>\r\n\t\t\t\r\n\t\t\t<h2 class=\"bdp-post-title\">\r\n\t\t\t\t<a href=\"http:\/\/www.lavidanismanlik.com.tr\/?p=2133\">Zor Bir G\u00fcn Ge\u00e7irmi\u015f Minikler \u0130\u00e7in \u00dc\u00e7 Kitap \u00d6nerisi<\/a>\r\n\t\t\t<\/h2>\r\n\t\t\t\t\r\n\t\t\t\t\t\t<div class=\"bdp-post-meta-innr bdp-post-meta\">\r\n\t\t\t\t\t\t\t\t<span class=\"bdp-post-meta-innr bdp-time\">17 Ocak 2023<\/span>\r\n\t\t\t\t\t\t\t<\/div>\r\n\t\t\t\t\t\t<div class=\"bdp-post-content\">\r\n\t\t\t\t<div class=\"bdp-post-short-content\">G\u00fcn i\u00e7erisinde aksilikler ya\u015fam\u0131\u015f, duygu kab\u0131 ak\u015fama kadar pek \u00e7ok \u015feyle dolmu\u015f, size yani g\u00fcvenli alan\u0131na kavu\u015ftu\u011funda olur olmaz her...<\/div>\r\n\t\t\t\t\t\t\t<\/div>\r\n\t\t\t\t\t\t<div class=\"bdp-post-tags\"> <a href=\"http:\/\/www.lavidanismanlik.com.tr\/?tag=ciko-zorbalikla-bas-ediyor\" rel=\"tag\">\u00c7iko Zorbal\u0131kla Ba\u015f Ediyor<\/a>, <a href=\"http:\/\/www.lavidanismanlik.com.tr\/?tag=cocuk-kitaplari\" rel=\"tag\">\u00c7ocuk Kitaplar\u0131<\/a>, <a href=\"http:\/\/www.lavidanismanlik.com.tr\/?tag=iste-oyle-bir-gun\" rel=\"tag\">\u0130\u015fte \u00d6yle Bir G\u00fcn<\/a>, <a href=\"http:\/\/www.lavidanismanlik.com.tr\/?tag=uzuldugum-zaman\" rel=\"tag\">\u00dcz\u00fcld\u00fc\u011f\u00fcm Zaman<\/a><\/div>\r\n\t\t\t\t\t<\/div>\r\n\t<\/div>\r\n<\/div><div class=\"bdp-post-list bdp-clearfix\">\r\n\t<div class=\"bdp-post-list-content\">\r\n\t\t\t\t<div class=\"bdp-medium-6 bdp-columns\">\r\n\t\t\t<div class=\"bdp-post-image-bg\">\r\n\t\t\t\t<a href=\"http:\/\/www.lavidanismanlik.com.tr\/?p=1990\">\r\n\t\t\t\t\t<img src=\"http:\/\/www.lavidanismanlik.com.tr\/wp-content\/uploads\/2021\/05\/0001738998001-1.jpg\" alt=\"U\u00e7up Giden Battaniye\" \/>\r\n\t\t\t\t<\/a>\r\n\t\t\t<\/div>\r\n\t\t<\/div>\r\n\t\t\t\t<div class=\"bdp-medium-6 bdp-columns\">\r\n\t\t\t\t\t\t<div class=\"bdp-post-categories\">\r\n\t\t\t\t<a href=\"http:\/\/www.lavidanismanlik.com.tr\/?cat=63\">\u00c7ocuk Kitap<\/a> <a href=\"http:\/\/www.lavidanismanlik.com.tr\/?cat=83\">\u00d6neriler<\/a>\t\t\t<\/div>\r\n\t\t\t\r\n\t\t\t<h2 class=\"bdp-post-title\">\r\n\t\t\t\t<a href=\"http:\/\/www.lavidanismanlik.com.tr\/?p=1990\">U\u00e7up Giden Battaniye<\/a>\r\n\t\t\t<\/h2>\r\n\t\t\t\t\r\n\t\t\t\t\t\t<div class=\"bdp-post-meta-innr bdp-post-meta\">\r\n\t\t\t\t\t\t\t\t<span class=\"bdp-post-meta-innr bdp-time\">24 May\u0131s 2021<\/span>\r\n\t\t\t\t\t\t\t<\/div>\r\n\t\t\t\t\t\t<div class=\"bdp-post-content\">\r\n\t\t\t\t<div class=\"bdp-post-short-content\">U\u00e7up Giden Battaniye; ayr\u0131lma kayg\u0131s\u0131 ya\u015fayan \u00e7ocuklar ve ebeveynler i\u00e7in harika bir kitap. Kaan\u2019\u0131n en sevdi\u011fi battaniyesi bir r\u00fczgarla u\u00e7up...<\/div>\r\n\t\t\t\t\t\t\t<\/div>\r\n\t\t\t\t\t\t<div class=\"bdp-post-tags\"> <a href=\"http:\/\/www.lavidanismanlik.com.tr\/?tag=cocuk-kitaplari\" rel=\"tag\">\u00c7ocuk Kitaplar\u0131<\/a>, <a href=\"http:\/\/www.lavidanismanlik.com.tr\/?tag=cocuklar-icin\" rel=\"tag\">\u00c7ocuklar \u0130\u00e7in<\/a><\/div>\r\n\t\t\t\t\t<\/div>\r\n\t<\/div>\r\n<\/div><div class=\"bdp-post-list bdp-clearfix\">\r\n\t<div class=\"bdp-post-list-content\">\r\n\t\t\t\t<div class=\"bdp-medium-6 bdp-columns\">\r\n\t\t\t<div class=\"bdp-post-image-bg\">\r\n\t\t\t\t<a href=\"http:\/\/www.lavidanismanlik.com.tr\/?p=1977\">\r\n\t\t\t\t\t<img src=\"http:\/\/www.lavidanismanlik.com.tr\/wp-content\/uploads\/2021\/05\/yayazula.jpg\" alt=\"Yayazula\" \/>\r\n\t\t\t\t<\/a>\r\n\t\t\t<\/div>\r\n\t\t<\/div>\r\n\t\t\t\t<div class=\"bdp-medium-6 bdp-columns\">\r\n\t\t\t\t\t\t<div class=\"bdp-post-categories\">\r\n\t\t\t\t<a href=\"http:\/\/www.lavidanismanlik.com.tr\/?cat=63\">\u00c7ocuk Kitap<\/a> <a href=\"http:\/\/www.lavidanismanlik.com.tr\/?cat=83\">\u00d6neriler<\/a>\t\t\t<\/div>\r\n\t\t\t\r\n\t\t\t<h2 class=\"bdp-post-title\">\r\n\t\t\t\t<a href=\"http:\/\/www.lavidanismanlik.com.tr\/?p=1977\">Yayazula<\/a>\r\n\t\t\t<\/h2>\r\n\t\t\t\t\r\n\t\t\t\t\t\t<div class=\"bdp-post-meta-innr bdp-post-meta\">\r\n\t\t\t\t\t\t\t\t<span class=\"bdp-post-meta-innr bdp-time\">24 May\u0131s 2021<\/span>\r\n\t\t\t\t\t\t\t<\/div>\r\n\t\t\t\t\t\t<div class=\"bdp-post-content\">\r\n\t\t\t\t<div class=\"bdp-post-short-content\">Bug\u00fcn minikler i\u00e7in bir kitap \u00f6nerimiz var; Yayazula. Normalde ald\u0131\u011f\u0131m kitaplar\u0131 \u00f6nce ben okuyorum ama bu kitab\u0131 Deniz gelir gelmez...<\/div>\r\n\t\t\t\t\t\t\t<\/div>\r\n\t\t\t\t\t\t<div class=\"bdp-post-tags\"> <a href=\"http:\/\/www.lavidanismanlik.com.tr\/?tag=cocuk\" rel=\"tag\">\u00c7ocuk<\/a>, <a href=\"http:\/\/www.lavidanismanlik.com.tr\/?tag=cocuk-kitaplari\" rel=\"tag\">\u00c7ocuk Kitaplar\u0131<\/a>, <a href=\"http:\/\/www.lavidanismanlik.com.tr\/?tag=cocuklar-icin\" rel=\"tag\">\u00c7ocuklar \u0130\u00e7in<\/a><\/div>\r\n\t\t\t\t\t<\/div>\r\n\t<\/div>\r\n<\/div><div class=\"bdp-post-list bdp-clearfix\">\r\n\t<div class=\"bdp-post-list-content\">\r\n\t\t\t\t<div class=\"bdp-medium-6 bdp-columns\">\r\n\t\t\t<div class=\"bdp-post-image-bg\">\r\n\t\t\t\t<a href=\"http:\/\/www.lavidanismanlik.com.tr\/?p=1945\">\r\n\t\t\t\t\t<img src=\"http:\/\/www.lavidanismanlik.com.tr\/wp-content\/uploads\/2021\/04\/10699931025458-1.jpg\" alt=\"belki\" \/>\r\n\t\t\t\t<\/a>\r\n\t\t\t<\/div>\r\n\t\t<\/div>\r\n\t\t\t\t<div class=\"bdp-medium-6 bdp-columns\">\r\n\t\t\t\t\t\t<div class=\"bdp-post-categories\">\r\n\t\t\t\t<a href=\"http:\/\/www.lavidanismanlik.com.tr\/?cat=63\">\u00c7ocuk Kitap<\/a> <a href=\"http:\/\/www.lavidanismanlik.com.tr\/?cat=83\">\u00d6neriler<\/a>\t\t\t<\/div>\r\n\t\t\t\r\n\t\t\t<h2 class=\"bdp-post-title\">\r\n\t\t\t\t<a href=\"http:\/\/www.lavidanismanlik.com.tr\/?p=1945\">belki<\/a>\r\n\t\t\t<\/h2>\r\n\t\t\t\t\r\n\t\t\t\t\t\t<div class=\"bdp-post-meta-innr bdp-post-meta\">\r\n\t\t\t\t\t\t\t\t<span class=\"bdp-post-meta-innr bdp-time\">6 Nisan 2021<\/span>\r\n\t\t\t\t\t\t\t<\/div>\r\n\t\t\t\t\t\t<div class=\"bdp-post-content\">\r\n\t\t\t\t<div class=\"bdp-post-short-content\">\u201cNeden burada oldu\u011funu hi\u00e7 d\u00fc\u015f\u00fcnd\u00fcn m\u00fc?\u201d\u2063\u2063Bu \u00e7arp\u0131c\u0131 c\u00fcmleyle ba\u015fl\u0131yor \u201cbelki\u201d ve bizi varolu\u015fumuzu sorgulamaya, kendi i\u00e7imizdeki t\u00fcm b\u00fcy\u00fcl\u00fc ve s\u0131n\u0131rs\u0131z...<\/div>\r\n\t\t\t\t\t\t\t<\/div>\r\n\t\t\t\t\t\t<div class=\"bdp-post-tags\"> <a href=\"http:\/\/www.lavidanismanlik.com.tr\/?tag=cocuk\" rel=\"tag\">\u00c7ocuk<\/a>, <a href=\"http:\/\/www.lavidanismanlik.com.tr\/?tag=cocuk-kitaplari\" rel=\"tag\">\u00c7ocuk Kitaplar\u0131<\/a><\/div>\r\n\t\t\t\t\t<\/div>\r\n\t<\/div>\r\n<\/div><div class=\"bdp-post-list bdp-clearfix\">\r\n\t<div class=\"bdp-post-list-content\">\r\n\t\t\t\t<div class=\"bdp-medium-6 bdp-columns\">\r\n\t\t\t<div class=\"bdp-post-image-bg\">\r\n\t\t\t\t<a href=\"http:\/\/www.lavidanismanlik.com.tr\/?p=1909\">\r\n\t\t\t\t\t<img src=\"http:\/\/www.lavidanismanlik.com.tr\/wp-content\/uploads\/2021\/03\/Elmer.jpg\" alt=\"Elmer Serisi\" \/>\r\n\t\t\t\t<\/a>\r\n\t\t\t<\/div>\r\n\t\t<\/div>\r\n\t\t\t\t<div class=\"bdp-medium-6 bdp-columns\">\r\n\t\t\t\t\t\t<div class=\"bdp-post-categories\">\r\n\t\t\t\t<a href=\"http:\/\/www.lavidanismanlik.com.tr\/?cat=63\">\u00c7ocuk Kitap<\/a> <a href=\"http:\/\/www.lavidanismanlik.com.tr\/?cat=83\">\u00d6neriler<\/a>\t\t\t<\/div>\r\n\t\t\t\r\n\t\t\t<h2 class=\"bdp-post-title\">\r\n\t\t\t\t<a href=\"http:\/\/www.lavidanismanlik.com.tr\/?p=1909\">Elmer Serisi<\/a>\r\n\t\t\t<\/h2>\r\n\t\t\t\t\r\n\t\t\t\t\t\t<div class=\"bdp-post-meta-innr bdp-post-meta\">\r\n\t\t\t\t\t\t\t\t<span class=\"bdp-post-meta-innr bdp-time\">16 Mart 2021<\/span>\r\n\t\t\t\t\t\t\t<\/div>\r\n\t\t\t\t\t\t<div class=\"bdp-post-content\">\r\n\t\t\t\t<div class=\"bdp-post-short-content\">Elmer serisi \u00e7ocuklar\u0131n hayal d\u00fcnyas\u0131n\u0131 ve mizah duygusunu geli\u015ftiren, \u00e7ok renkli ve e\u011flenceli bir kitap serisi \ud83d\udc18 O\u011flumun da favorisi,...<\/div>\r\n\t\t\t\t\t\t\t<\/div>\r\n\t\t\t\t\t\t<div class=\"bdp-post-tags\"> <a href=\"http:\/\/www.lavidanismanlik.com.tr\/?tag=cocuk-kitaplari\" rel=\"tag\">\u00c7ocuk Kitaplar\u0131<\/a><\/div>\r\n\t\t\t\t\t<\/div>\r\n\t<\/div>\r\n<\/div><div class=\"bdp-post-list bdp-clearfix\">\r\n\t<div class=\"bdp-post-list-content\">\r\n\t\t\t\t<div class=\"bdp-medium-6 bdp-columns\">\r\n\t\t\t<div class=\"bdp-post-image-bg\">\r\n\t\t\t\t<a href=\"http:\/\/www.lavidanismanlik.com.tr\/?p=1843\">\r\n\t\t\t\t\t<img src=\"http:\/\/www.lavidanismanlik.com.tr\/wp-content\/uploads\/2021\/02\/ayi-kim-caldi.jpg\" alt=\"Ay&#8217;\u0131 Kim \u00c7ald\u0131?\" \/>\r\n\t\t\t\t<\/a>\r\n\t\t\t<\/div>\r\n\t\t<\/div>\r\n\t\t\t\t<div class=\"bdp-medium-6 bdp-columns\">\r\n\t\t\t\t\t\t<div class=\"bdp-post-categories\">\r\n\t\t\t\t<a href=\"http:\/\/www.lavidanismanlik.com.tr\/?cat=63\">\u00c7ocuk Kitap<\/a>\t\t\t<\/div>\r\n\t\t\t\r\n\t\t\t<h2 class=\"bdp-post-title\">\r\n\t\t\t\t<a href=\"http:\/\/www.lavidanismanlik.com.tr\/?p=1843\">Ay&#8217;\u0131 Kim \u00c7ald\u0131?<\/a>\r\n\t\t\t<\/h2>\r\n\t\t\t\t\r\n\t\t\t\t\t\t<div class=\"bdp-post-meta-innr bdp-post-meta\">\r\n\t\t\t\t\t\t\t\t<span class=\"bdp-post-meta-innr bdp-time\">25 \u015eubat 2021<\/span>\r\n\t\t\t\t\t\t\t<\/div>\r\n\t\t\t\t\t\t<div class=\"bdp-post-content\">\r\n\t\t\t\t<div class=\"bdp-post-short-content\">Berk her gece uykuya dalarken g\u00f6\u011fe bakan penceresinden Ay'a bakarak birbirinden g\u00fczel hayaller kuran k\u00fc\u00e7\u00fck bir \u00e7ocuk. En b\u00fcy\u00fck hayali...<\/div>\r\n\t\t\t\t\t\t\t<\/div>\r\n\t\t\t\t\t\t<div class=\"bdp-post-tags\"> <a href=\"http:\/\/www.lavidanismanlik.com.tr\/?tag=cocuk-kitaplari\" rel=\"tag\">\u00c7ocuk Kitaplar\u0131<\/a><\/div>\r\n\t\t\t\t\t<\/div>\r\n\t<\/div>\r\n<\/div><div class=\"bdp-post-list bdp-clearfix\">\r\n\t<div class=\"bdp-post-list-content\">\r\n\t\t\t\t<div class=\"bdp-medium-6 bdp-columns\">\r\n\t\t\t<div class=\"bdp-post-image-bg\">\r\n\t\t\t\t<a href=\"http:\/\/www.lavidanismanlik.com.tr\/?p=1811\">\r\n\t\t\t\t\t<img src=\"http:\/\/www.lavidanismanlik.com.tr\/wp-content\/uploads\/2021\/02\/akilli-tilki.jpg\" alt=\"Ak\u0131ll\u0131 Tilkinin Masal\u0131\" \/>\r\n\t\t\t\t<\/a>\r\n\t\t\t<\/div>\r\n\t\t<\/div>\r\n\t\t\t\t<div class=\"bdp-medium-6 bdp-columns\">\r\n\t\t\t\t\t\t<div class=\"bdp-post-categories\">\r\n\t\t\t\t<a href=\"http:\/\/www.lavidanismanlik.com.tr\/?cat=63\">\u00c7ocuk Kitap<\/a> <a href=\"http:\/\/www.lavidanismanlik.com.tr\/?cat=83\">\u00d6neriler<\/a>\t\t\t<\/div>\r\n\t\t\t\r\n\t\t\t<h2 class=\"bdp-post-title\">\r\n\t\t\t\t<a href=\"http:\/\/www.lavidanismanlik.com.tr\/?p=1811\">Ak\u0131ll\u0131 Tilkinin Masal\u0131<\/a>\r\n\t\t\t<\/h2>\r\n\t\t\t\t\r\n\t\t\t\t\t\t<div class=\"bdp-post-meta-innr bdp-post-meta\">\r\n\t\t\t\t\t\t\t\t<span class=\"bdp-post-meta-innr bdp-time\">15 \u015eubat 2021<\/span>\r\n\t\t\t\t\t\t\t<\/div>\r\n\t\t\t\t\t\t<div class=\"bdp-post-content\">\r\n\t\t\t\t<div class=\"bdp-post-short-content\">\u201cSevgi nas\u0131l bir \u015feydir ? \u0130nsan\u0131 yorar m\u0131? K\u0131r\u0131l\u0131p b\u00fck\u00fclebilir mi? Tamir edip yap\u0131\u015ft\u0131rabilir miyiz? Sevgiyi d\u00fczenleyip istedi\u011fimiz yere koyabilir...<\/div>\r\n\t\t\t\t\t\t\t<\/div>\r\n\t\t\t\t\t\t<div class=\"bdp-post-tags\"> <a href=\"http:\/\/www.lavidanismanlik.com.tr\/?tag=cocuk-kitaplari\" rel=\"tag\">\u00c7ocuk Kitaplar\u0131<\/a><\/div>\r\n\t\t\t\t\t<\/div>\r\n\t<\/div>\r\n<\/div><div class=\"bdp-post-list bdp-clearfix\">\r\n\t<div class=\"bdp-post-list-content\">\r\n\t\t\t\t<div class=\"bdp-medium-6 bdp-columns\">\r\n\t\t\t<div class=\"bdp-post-image-bg\">\r\n\t\t\t\t<a href=\"http:\/\/www.lavidanismanlik.com.tr\/?p=1772\">\r\n\t\t\t\t\t<img src=\"http:\/\/www.lavidanismanlik.com.tr\/wp-content\/uploads\/2021\/01\/avucundaki-opucuk.jpg\" alt=\"Avucundaki \u00d6p\u00fcc\u00fck\" \/>\r\n\t\t\t\t<\/a>\r\n\t\t\t<\/div>\r\n\t\t<\/div>\r\n\t\t\t\t<div class=\"bdp-medium-6 bdp-columns\">\r\n\t\t\t\t\t\t<div class=\"bdp-post-categories\">\r\n\t\t\t\t<a href=\"http:\/\/www.lavidanismanlik.com.tr\/?cat=63\">\u00c7ocuk Kitap<\/a> <a href=\"http:\/\/www.lavidanismanlik.com.tr\/?cat=83\">\u00d6neriler<\/a>\t\t\t<\/div>\r\n\t\t\t\r\n\t\t\t<h2 class=\"bdp-post-title\">\r\n\t\t\t\t<a href=\"http:\/\/www.lavidanismanlik.com.tr\/?p=1772\">Avucundaki \u00d6p\u00fcc\u00fck<\/a>\r\n\t\t\t<\/h2>\r\n\t\t\t\t\r\n\t\t\t\t\t\t<div class=\"bdp-post-meta-innr bdp-post-meta\">\r\n\t\t\t\t\t\t\t\t<span class=\"bdp-post-meta-innr bdp-time\">31 Ocak 2021<\/span>\r\n\t\t\t\t\t\t\t<\/div>\r\n\t\t\t\t\t\t<div class=\"bdp-post-content\">\r\n\t\t\t\t<div class=\"bdp-post-short-content\">Avucundaki \u00d6p\u00fcc\u00fck; annesinden ayr\u0131lmak istemedi\u011fi i\u00e7in okula gitmek istemeyen Minik Rakun\u2019un \u00f6yk\u00fcs\u00fc. Korkular\u0131n\u0131 yat\u0131\u015ft\u0131rmak i\u00e7in annesi onunla \u201cAvucundaki \u00d6p\u00fcc\u00fck\u201d ad\u0131n\u0131...<\/div>\r\n\t\t\t\t\t\t\t<\/div>\r\n\t\t\t\t\t\t<div class=\"bdp-post-tags\"> <a href=\"http:\/\/www.lavidanismanlik.com.tr\/?tag=cocuk-kitaplari\" rel=\"tag\">\u00c7ocuk Kitaplar\u0131<\/a><\/div>\r\n\t\t\t\t\t<\/div>\r\n\t<\/div>\r\n<\/div><div class=\"bdp-post-list bdp-clearfix\">\r\n\t<div class=\"bdp-post-list-content\">\r\n\t\t\t\t<div class=\"bdp-medium-6 bdp-columns\">\r\n\t\t\t<div class=\"bdp-post-image-bg\">\r\n\t\t\t\t<a href=\"http:\/\/www.lavidanismanlik.com.tr\/?p=1754\">\r\n\t\t\t\t\t<img src=\"http:\/\/www.lavidanismanlik.com.tr\/wp-content\/uploads\/2021\/01\/Ciko.jpg\" alt=\"\u00c7iko Zorbal\u0131kla Ba\u015f Ediyor\" \/>\r\n\t\t\t\t<\/a>\r\n\t\t\t<\/div>\r\n\t\t<\/div>\r\n\t\t\t\t<div class=\"bdp-medium-6 bdp-columns\">\r\n\t\t\t\t\t\t<div class=\"bdp-post-categories\">\r\n\t\t\t\t<a href=\"http:\/\/www.lavidanismanlik.com.tr\/?cat=63\">\u00c7ocuk Kitap<\/a> <a href=\"http:\/\/www.lavidanismanlik.com.tr\/?cat=83\">\u00d6neriler<\/a>\t\t\t<\/div>\r\n\t\t\t\r\n\t\t\t<h2 class=\"bdp-post-title\">\r\n\t\t\t\t<a href=\"http:\/\/www.lavidanismanlik.com.tr\/?p=1754\">\u00c7iko Zorbal\u0131kla Ba\u015f Ediyor<\/a>\r\n\t\t\t<\/h2>\r\n\t\t\t\t\r\n\t\t\t\t\t\t<div class=\"bdp-post-meta-innr bdp-post-meta\">\r\n\t\t\t\t\t\t\t\t<span class=\"bdp-post-meta-innr bdp-time\">15 Ocak 2021<\/span>\r\n\t\t\t\t\t\t\t<\/div>\r\n\t\t\t\t\t\t<div class=\"bdp-post-content\">\r\n\t\t\t\t<div class=\"bdp-post-short-content\">\u00c7iko Zorbal\u0131kla Ba\u015f Ediyor; arkada\u015f\u0131n\u0131n alaylar\u0131na maruz kalan ve akran zorbal\u0131\u011f\u0131 ile ba\u015f etmeye \u00e7al\u0131\u015fan bir \u00e7ocu\u011fun \u00f6yk\u00fcs\u00fcn\u00fc anlat\u0131yor. \u00c7iko...<\/div>\r\n\t\t\t\t\t\t\t<\/div>\r\n\t\t\t\t\t\t<div class=\"bdp-post-tags\"> <a href=\"http:\/\/www.lavidanismanlik.com.tr\/?tag=cocuk-kitaplari\" rel=\"tag\">\u00c7ocuk Kitaplar\u0131<\/a><\/div>\r\n\t\t\t\t\t<\/div>\r\n\t<\/div>\r\n<\/div><div class=\"bdp-post-list bdp-clearfix\">\r\n\t<div class=\"bdp-post-list-content\">\r\n\t\t\t\t<div class=\"bdp-medium-6 bdp-columns\">\r\n\t\t\t<div class=\"bdp-post-image-bg\">\r\n\t\t\t\t<a href=\"http:\/\/www.lavidanismanlik.com.tr\/?p=1725\">\r\n\t\t\t\t\t<img src=\"http:\/\/www.lavidanismanlik.com.tr\/wp-content\/uploads\/2020\/12\/seni-hep.jpg\" alt=\"Seni Hep Sevece\u011fim\" \/>\r\n\t\t\t\t<\/a>\r\n\t\t\t<\/div>\r\n\t\t<\/div>\r\n\t\t\t\t<div class=\"bdp-medium-6 bdp-columns\">\r\n\t\t\t\t\t\t<div class=\"bdp-post-categories\">\r\n\t\t\t\t<a href=\"http:\/\/www.lavidanismanlik.com.tr\/?cat=63\">\u00c7ocuk Kitap<\/a> <a href=\"http:\/\/www.lavidanismanlik.com.tr\/?cat=83\">\u00d6neriler<\/a>\t\t\t<\/div>\r\n\t\t\t\r\n\t\t\t<h2 class=\"bdp-post-title\">\r\n\t\t\t\t<a href=\"http:\/\/www.lavidanismanlik.com.tr\/?p=1725\">Seni Hep Sevece\u011fim<\/a>\r\n\t\t\t<\/h2>\r\n\t\t\t\t\r\n\t\t\t\t\t\t<div class=\"bdp-post-meta-innr bdp-post-meta\">\r\n\t\t\t\t\t\t\t\t<span class=\"bdp-post-meta-innr bdp-time\">28 Aral\u0131k 2020<\/span>\r\n\t\t\t\t\t\t\t<\/div>\r\n\t\t\t\t\t\t<div class=\"bdp-post-content\">\r\n\t\t\t\t<div class=\"bdp-post-short-content\">\u201cSeni hep sevece\u011fim,\u2063Sana her zaman ba\u011fl\u0131 olaca\u011f\u0131m,\u2063Ya\u015fad\u0131\u011f\u0131m s\u00fcrece\u2063Bebe\u011fim olacaks\u0131n benim.\u201d \u2063\u2063\u0130lk defa 1995 y\u0131l\u0131nda yay\u0131mlanan ve o g\u00fcnden beri t\u00fcm...<\/div>\r\n\t\t\t\t\t\t\t<\/div>\r\n\t\t\t\t\t\t<div class=\"bdp-post-tags\"> <a href=\"http:\/\/www.lavidanismanlik.com.tr\/?tag=cocuk-kitaplari\" rel=\"tag\">\u00c7ocuk Kitaplar\u0131<\/a><\/div>\r\n\t\t\t\t\t<\/div>\r\n\t<\/div>\r\n<\/div><div class=\"bdp-post-list bdp-clearfix\">\r\n\t<div class=\"bdp-post-list-content\">\r\n\t\t\t\t<div class=\"bdp-medium-6 bdp-columns\">\r\n\t\t\t<div class=\"bdp-post-image-bg\">\r\n\t\t\t\t<a href=\"http:\/\/www.lavidanismanlik.com.tr\/?p=1693\">\r\n\t\t\t\t\t<img src=\"http:\/\/www.lavidanismanlik.com.tr\/wp-content\/uploads\/2020\/12\/su-aygiri.jpg\" alt=\"Mutlu Su Ayg\u0131r\u0131\" \/>\r\n\t\t\t\t<\/a>\r\n\t\t\t<\/div>\r\n\t\t<\/div>\r\n\t\t\t\t<div class=\"bdp-medium-6 bdp-columns\">\r\n\t\t\t\t\t\t<div class=\"bdp-post-categories\">\r\n\t\t\t\t<a href=\"http:\/\/www.lavidanismanlik.com.tr\/?cat=63\">\u00c7ocuk Kitap<\/a> <a href=\"http:\/\/www.lavidanismanlik.com.tr\/?cat=83\">\u00d6neriler<\/a>\t\t\t<\/div>\r\n\t\t\t\r\n\t\t\t<h2 class=\"bdp-post-title\">\r\n\t\t\t\t<a href=\"http:\/\/www.lavidanismanlik.com.tr\/?p=1693\">Mutlu Su Ayg\u0131r\u0131<\/a>\r\n\t\t\t<\/h2>\r\n\t\t\t\t\r\n\t\t\t\t\t\t<div class=\"bdp-post-meta-innr bdp-post-meta\">\r\n\t\t\t\t\t\t\t\t<span class=\"bdp-post-meta-innr bdp-time\">11 Aral\u0131k 2020<\/span>\r\n\t\t\t\t\t\t\t<\/div>\r\n\t\t\t\t\t\t<div class=\"bdp-post-content\">\r\n\t\t\t\t<div class=\"bdp-post-short-content\">Bug\u00fcn yine bir \u00e7ocuk kitab\u0131 \u00f6nerimiz var sizin i\u00e7in; Mutlu Su Ayg\u0131r\u0131. Su ayg\u0131r\u0131 oldu\u011fu i\u00e7in hi\u00e7 mutlu olmayan k\u00fc\u00e7\u00fck...<\/div>\r\n\t\t\t\t\t\t\t<\/div>\r\n\t\t\t\t\t\t<div class=\"bdp-post-tags\"> <a href=\"http:\/\/www.lavidanismanlik.com.tr\/?tag=cocuk-kitaplari\" rel=\"tag\">\u00c7ocuk Kitaplar\u0131<\/a><\/div>\r\n\t\t\t\t\t<\/div>\r\n\t<\/div>\r\n<\/div><div class=\"bdp-post-list bdp-clearfix\">\r\n\t<div class=\"bdp-post-list-content\">\r\n\t\t\t\t<div class=\"bdp-medium-6 bdp-columns\">\r\n\t\t\t<div class=\"bdp-post-image-bg\">\r\n\t\t\t\t<a href=\"http:\/\/www.lavidanismanlik.com.tr\/?p=1551\">\r\n\t\t\t\t\t<img src=\"http:\/\/www.lavidanismanlik.com.tr\/wp-content\/uploads\/2020\/10\/0001687192001-1.jpg\" alt=\"Pembe Canavar\" \/>\r\n\t\t\t\t<\/a>\r\n\t\t\t<\/div>\r\n\t\t<\/div>\r\n\t\t\t\t<div class=\"bdp-medium-6 bdp-columns\">\r\n\t\t\t\t\t\t<div class=\"bdp-post-categories\">\r\n\t\t\t\t<a href=\"http:\/\/www.lavidanismanlik.com.tr\/?cat=63\">\u00c7ocuk Kitap<\/a> <a href=\"http:\/\/www.lavidanismanlik.com.tr\/?cat=83\">\u00d6neriler<\/a>\t\t\t<\/div>\r\n\t\t\t\r\n\t\t\t<h2 class=\"bdp-post-title\">\r\n\t\t\t\t<a href=\"http:\/\/www.lavidanismanlik.com.tr\/?p=1551\">Pembe Canavar<\/a>\r\n\t\t\t<\/h2>\r\n\t\t\t\t\r\n\t\t\t\t\t\t<div class=\"bdp-post-meta-innr bdp-post-meta\">\r\n\t\t\t\t\t\t\t\t<span class=\"bdp-post-meta-innr bdp-time\">23 Ekim 2020<\/span>\r\n\t\t\t\t\t\t\t<\/div>\r\n\t\t\t\t\t\t<div class=\"bdp-post-content\">\r\n\t\t\t\t<div class=\"bdp-post-short-content\">Pembe canavar o\u011flumla okumay\u0131 sevdi\u011fimiz kitaplardan. Hem \u00e7izimleriyle hem de verdi\u011fi mesajlarla di\u011fer kitaplar\u0131m\u0131zdan farkl\u0131. S\u0131rad\u0131\u015f\u0131l\u0131\u011f\u0131n, farkl\u0131l\u0131klar\u0131n bizi zenginle\u015ftirdi\u011fini anlatan...<\/div>\r\n\t\t\t\t\t\t\t<\/div>\r\n\t\t\t\t\t\t<div class=\"bdp-post-tags\"> <a href=\"http:\/\/www.lavidanismanlik.com.tr\/?tag=cocuk-kitaplari\" rel=\"tag\">\u00c7ocuk Kitaplar\u0131<\/a>, <a href=\"http:\/\/www.lavidanismanlik.com.tr\/?tag=pembe-canavar\" rel=\"tag\">Pembe Canavar<\/a><\/div>\r\n\t\t\t\t\t<\/div>\r\n\t<\/div>\r\n<\/div>\t\t<\/div>\t\t\r\n\t\t\n","protected":false},"excerpt":{"rendered":"","protected":false},"author":1,"featured_media":0,"parent":0,"menu_order":0,"comment_status":"closed","ping_status":"closed","template":"","meta":{"_vp_format_video_url":"","_vp_image_focal_point":[]},"_links":{"self":[{"href":"http:\/\/www.lavidanismanlik.com.tr\/index.php?rest_route=\/wp\/v2\/pages\/1539"}],"collection":[{"href":"http:\/\/www.lavidanismanlik.com.tr\/index.php?rest_route=\/wp\/v2\/pages"}],"about":[{"href":"http:\/\/www.lavidanismanlik.com.tr\/index.php?rest_route=\/wp\/v2\/types\/page"}],"author":[{"embeddable":true,"href":"http:\/\/www.lavidanismanlik.com.tr\/index.php?rest_route=\/wp\/v2\/users\/1"}],"replies":[{"embeddable":true,"href":"http:\/\/www.lavidanismanlik.com.tr\/index.php?rest_route=%2Fwp%2Fv2%2Fcomments&post=1539"}],"version-history":[{"count":3,"href":"http:\/\/www.lavidanismanlik.com.tr\/index.php?rest_route=\/wp\/v2\/pages\/1539\/revisions"}],"predecessor-version":[{"id":1548,"href":"http:\/\/www.lavidanismanlik.com.tr\/index.php?rest_route=\/wp\/v2\/pages\/1539\/revisions\/1548"}],"wp:attachment":[{"href":"http:\/\/www.lavidanismanlik.com.tr\/index.php?rest_route=%2Fwp%2Fv2%2Fmedia&parent=1539"}],"curies":[{"name":"wp","href":"https:\/\/api.w.org\/{rel}","templated":true}]}}